{"id":9742,"date":"2024-05-12T13:14:51","date_gmt":"2024-05-12T13:14:51","guid":{"rendered":"https:\/\/perretbaranez.com\/?page_id=9742"},"modified":"2024-06-28T09:39:42","modified_gmt":"2024-06-28T09:39:42","slug":"membre-anamj","status":"publish","type":"page","link":"https:\/\/perretbaranez.com\/?page_id=9742","title":{"rendered":"Membre ANAMJ"},"content":{"rendered":"\t\t<div data-elementor-type=\"wp-page\" data-elementor-id=\"9742\" class=\"elementor elementor-9742\" data-elementor-post-type=\"page\">\n\t\t\t\t\t\t<section class=\"elementor-section elementor-top-section elementor-element elementor-element-7f5e03b2 elementor-section-content-middle elementor-section-boxed elementor-section-height-default elementor-section-height-default\" data-id=\"7f5e03b2\" data-element_type=\"section\" data-e-type=\"section\">\n\t\t\t\t\t\t<div class=\"elementor-container elementor-column-gap-extended\">\n\t\t\t\t\t<div class=\"elementor-column elementor-col-50 elementor-top-column elementor-element elementor-element-87722f0\" data-id=\"87722f0\" data-element_type=\"column\" data-e-type=\"column\" data-settings=\"{&quot;background_background&quot;:&quot;classic&quot;}\">\n\t\t\t<div class=\"elementor-widget-wrap elementor-element-populated\">\n\t\t\t\t\t\t<div class=\"elementor-element elementor-element-4f9b973 elementor-widget elementor-widget-image\" data-id=\"4f9b973\" data-element_type=\"widget\" data-e-type=\"widget\" data-widget_type=\"image.default\">\n\t\t\t\t\t\t\t\t\t\t\t\t\t\t\t<img decoding=\"async\" width=\"300\" height=\"99\" src=\"https:\/\/perretbaranez.com\/wp-content\/uploads\/2024\/04\/Nouveau-logo-ANAMJ.doc-300x99-1.jpg\" class=\"attachment-large size-large wp-image-8969\" alt=\"\" \/>\t\t\t\t\t\t\t\t\t\t\t\t\t\t\t<\/div>\n\t\t\t\t\t<\/div>\n\t\t<\/div>\n\t\t\t\t<div class=\"elementor-column elementor-col-50 elementor-top-column elementor-element elementor-element-3d250c0\" data-id=\"3d250c0\" data-element_type=\"column\" data-e-type=\"column\" data-settings=\"{&quot;background_background&quot;:&quot;classic&quot;}\">\n\t\t\t<div class=\"elementor-widget-wrap elementor-element-populated\">\n\t\t\t\t\t\t<div class=\"elementor-element elementor-element-b3191a6 elementor-widget__width-initial elementor-widget elementor-widget-heading\" data-id=\"b3191a6\" data-element_type=\"widget\" data-e-type=\"widget\" data-widget_type=\"heading.default\">\n\t\t\t\t\t<h1 class=\"elementor-heading-title elementor-size-default\">Membre de L'ANMJ<\/h1>\t\t\t\t<\/div>\n\t\t\t\t<div class=\"elementor-element elementor-element-c48e7f5 elementor-widget elementor-widget-text-editor\" data-id=\"c48e7f5\" data-element_type=\"widget\" data-e-type=\"widget\" data-widget_type=\"text-editor.default\">\n\t\t\t\t\t\t\t\t\t<p class=\"p1\"><span style=\"text-decoration: underline;\"><strong><em>Association nationale des avocats exer\u00e7ant un mandat judiciaire.<\/em><\/strong><\/span><\/p><p class=\"p1\">Inscrite depuis juin 2017 sur la liste nationale de l&#8217;ANAMJ (Association Nationale des Avocats exer\u00e7ant un Mandat Judiciaire), je suis r\u00e9guli\u00e8rement missionn\u00e9e par les tribunaux\u00a0:<\/p><p class=\"p1\"><strong>-pour dresser un inventaire estimatif ou faire des propositions quant au r\u00e8glement des int\u00e9r\u00eats p\u00e9cuniaires des \u00e9poux dans le cadre d\u2019une instance en divorce (art.255 9\u00b0 du Code civil),<\/strong><\/p><p class=\"p1\"><strong>-pour recevoir des mandats judiciaires afin d\u2019administrer des successions en cas de d\u00e9faillance d\u2019un indivisaire ou de conflit entre les h\u00e9ritiers.<\/strong><\/p><p class=\"p2\">En qualit\u00e9 de membre de l\u2019ANAMJ et de l&#8217;Association Fran\u00e7aise des Avocats de la Famille et du Patrimoine, je b\u00e9n\u00e9ficie <b>chaque ann\u00e9e d\u2019une<\/b> <b>formation continue exigeante et de qualit\u00e9<\/b>.\u00a0<\/p>\t\t\t\t\t\t\t\t<\/div>\n\t\t\t\t\t<\/div>\n\t\t<\/div>\n\t\t\t\t\t<\/div>\n\t\t<\/section>\n\t\t<div class=\"elementor-element elementor-element-16a3cfe e-flex e-con-boxed e-con e-parent\" data-id=\"16a3cfe\" data-element_type=\"container\" data-e-type=\"container\">\n\t\t\t\t\t<div class=\"e-con-inner\">\n\t\t\t\t<div class=\"elementor-element elementor-element-b8219a7 elementor-widget elementor-widget-spacer\" data-id=\"b8219a7\" data-element_type=\"widget\" data-e-type=\"widget\" data-widget_type=\"spacer.default\">\n\t\t\t\t\t\t\t<div class=\"elementor-spacer\">\n\t\t\t<div class=\"elementor-spacer-inner\"><\/div>\n\t\t<\/div>\n\t\t\t\t\t\t<\/div>\n\t\t\t\t\t<\/div>\n\t\t\t\t<\/div>\n\t\t\t\t<\/div>\n\t\t","protected":false},"excerpt":{"rendered":"<p>Le site Membre de L&#8217;ANMJ Association nationale des avocats exer\u00e7ant un mandat judiciaire. Inscrite depuis juin 2017 sur la liste nationale de l&#8217;ANAMJ (Association Nationale des Avocats exer\u00e7ant un Mandat Judiciaire), je suis r\u00e9guli\u00e8rement missionn\u00e9e par les tribunaux\u00a0: -pour dresser un inventaire estimatif ou faire des propositions quant au r\u00e8glement des int\u00e9r\u00eats p\u00e9cuniaires des \u00e9poux&#8230;<\/p>\n","protected":false},"author":4,"featured_media":0,"parent":0,"menu_order":0,"comment_status":"closed","ping_status":"closed","template":"elementor_theme","meta":{"footnotes":""},"class_list":{"0":"post-9742","1":"page","2":"type-page","3":"status-publish","4":"hentry","5":"nt-post-class","6":"","7":"thumb-none","9":"excerpt-none"},"_links":{"self":[{"href":"https:\/\/perretbaranez.com\/index.php?rest_route=\/wp\/v2\/pages\/9742","targetHints":{"allow":["GET"]}}],"collection":[{"href":"https:\/\/perretbaranez.com\/index.php?rest_route=\/wp\/v2\/pages"}],"about":[{"href":"https:\/\/perretbaranez.com\/index.php?rest_route=\/wp\/v2\/types\/page"}],"author":[{"embeddable":true,"href":"https:\/\/perretbaranez.com\/index.php?rest_route=\/wp\/v2\/users\/4"}],"replies":[{"embeddable":true,"href":"https:\/\/perretbaranez.com\/index.php?rest_route=%2Fwp%2Fv2%2Fcomments&post=9742"}],"version-history":[{"count":25,"href":"https:\/\/perretbaranez.com\/index.php?rest_route=\/wp\/v2\/pages\/9742\/revisions"}],"predecessor-version":[{"id":9785,"href":"https:\/\/perretbaranez.com\/index.php?rest_route=\/wp\/v2\/pages\/9742\/revisions\/9785"}],"wp:attachment":[{"href":"https:\/\/perretbaranez.com\/index.php?rest_route=%2Fwp%2Fv2%2Fmedia&parent=9742"}],"curies":[{"name":"wp","href":"https:\/\/api.w.org\/{rel}","templated":true}]}}