{"id":8462,"date":"2024-04-04T14:52:21","date_gmt":"2024-04-04T14:52:21","guid":{"rendered":"https:\/\/perretbaranez.com\/?page_id=8462"},"modified":"2024-05-08T08:50:28","modified_gmt":"2024-05-08T08:50:28","slug":"honoraires","status":"publish","type":"page","link":"https:\/\/perretbaranez.com\/?page_id=8462","title":{"rendered":"HONORAIRES"},"content":{"rendered":"\t\t<div data-elementor-type=\"wp-page\" data-elementor-id=\"8462\" class=\"elementor elementor-8462\" data-elementor-post-type=\"page\">\n\t\t\t\t\t\t<section class=\"elementor-section elementor-top-section elementor-element elementor-element-7f5e03b2 elementor-section-content-middle elementor-section-boxed elementor-section-height-default elementor-section-height-default\" data-id=\"7f5e03b2\" data-element_type=\"section\" data-e-type=\"section\">\n\t\t\t\t\t\t<div class=\"elementor-container elementor-column-gap-extended\">\n\t\t\t\t\t<div class=\"elementor-column elementor-col-50 elementor-top-column elementor-element elementor-element-87722f0\" data-id=\"87722f0\" data-element_type=\"column\" data-e-type=\"column\" data-settings=\"{&quot;background_background&quot;:&quot;classic&quot;}\">\n\t\t\t<div class=\"elementor-widget-wrap elementor-element-populated\">\n\t\t\t\t\t\t<div class=\"elementor-element elementor-element-4f9b973 elementor-widget elementor-widget-image\" data-id=\"4f9b973\" data-element_type=\"widget\" data-e-type=\"widget\" data-widget_type=\"image.default\">\n\t\t\t\t\t\t\t\t\t\t\t\t\t\t\t<img fetchpriority=\"high\" decoding=\"async\" width=\"683\" height=\"1024\" src=\"https:\/\/perretbaranez.com\/wp-content\/uploads\/2024\/04\/L1100186-683x1024.jpg\" class=\"attachment-large size-large wp-image-8178\" alt=\"\" srcset=\"https:\/\/perretbaranez.com\/wp-content\/uploads\/2024\/04\/L1100186-683x1024.jpg 683w, https:\/\/perretbaranez.com\/wp-content\/uploads\/2024\/04\/L1100186-200x300.jpg 200w, https:\/\/perretbaranez.com\/wp-content\/uploads\/2024\/04\/L1100186-768x1152.jpg 768w, https:\/\/perretbaranez.com\/wp-content\/uploads\/2024\/04\/L1100186-1024x1536.jpg 1024w, https:\/\/perretbaranez.com\/wp-content\/uploads\/2024\/04\/L1100186.jpg 1154w\" sizes=\"(max-width: 683px) 100vw, 683px\" \/>\t\t\t\t\t\t\t\t\t\t\t\t\t\t\t<\/div>\n\t\t\t\t\t<\/div>\n\t\t<\/div>\n\t\t\t\t<div class=\"elementor-column elementor-col-50 elementor-top-column elementor-element elementor-element-3d250c0\" data-id=\"3d250c0\" data-element_type=\"column\" data-e-type=\"column\" data-settings=\"{&quot;background_background&quot;:&quot;classic&quot;}\">\n\t\t\t<div class=\"elementor-widget-wrap elementor-element-populated\">\n\t\t\t\t\t\t<div class=\"elementor-element elementor-element-b3191a6 elementor-widget__width-initial elementor-widget elementor-widget-heading\" data-id=\"b3191a6\" data-element_type=\"widget\" data-e-type=\"widget\" data-widget_type=\"heading.default\">\n\t\t\t\t\t<h1 class=\"elementor-heading-title elementor-size-default\">Honoraires\n<\/h1>\t\t\t\t<\/div>\n\t\t\t\t<div class=\"elementor-element elementor-element-c48e7f5 elementor-widget elementor-widget-text-editor\" data-id=\"c48e7f5\" data-element_type=\"widget\" data-e-type=\"widget\" data-widget_type=\"text-editor.default\">\n\t\t\t\t\t\t\t\t\t<p class=\"p1\"><span class=\"s1\">Les honoraires sont fix\u00e9s <b>librement et de fa\u00e7on transparente<\/b> avec vous d\u00e8s l\u2019ouverture du dossier, en tenant compte de votre situation financi\u00e8re, de la complexit\u00e9 de la mission et des usages de profession.<\/span><\/p><p class=\"p1\"><span class=\"s1\">Une <b>convention d\u2019honoraires<\/b> est n\u00e9cessairement sign\u00e9e \u00e0 l\u2019ouverture du dossier pour fixer les modalit\u00e9s de facturation convenues.<\/span><\/p><p class=\"p1\"><span class=\"s1\">Les honoraires sont fix\u00e9s par r\u00e9f\u00e9rence <b>au temps pass\u00e9<\/b> sur chaque dossier et selon un taux horaire pr\u00e9alablement d\u00e9fini.<\/span><\/p><p class=\"p2\"><span class=\"s1\">Un <b>honoraire de r\u00e9sultat<\/b> peut le cas \u00e9ch\u00e9ant s\u2019ajouter \u00e0 la r\u00e9mun\u00e9ration au temps pass\u00e9.<\/span><\/p><p class=\"p2\"><span class=\"s1\">Le premier rendez-vous de consultation est factur\u00e9 selon un honoraire forfaitaire pr\u00e9alablement convenu.<\/span><\/p>\t\t\t\t\t\t\t\t<\/div>\n\t\t\t\t\t<\/div>\n\t\t<\/div>\n\t\t\t\t\t<\/div>\n\t\t<\/section>\n\t\t\t\t<\/div>\n\t\t","protected":false},"excerpt":{"rendered":"<p>Honoraires Les honoraires sont fix\u00e9s librement et de fa\u00e7on transparente avec vous d\u00e8s l\u2019ouverture du dossier, en tenant compte de votre situation financi\u00e8re, de la complexit\u00e9 de la mission et des usages de profession. Une convention d\u2019honoraires est n\u00e9cessairement sign\u00e9e \u00e0 l\u2019ouverture du dossier pour fixer les modalit\u00e9s de facturation convenues. Les honoraires sont fix\u00e9s&#8230;<\/p>\n","protected":false},"author":1,"featured_media":0,"parent":0,"menu_order":0,"comment_status":"closed","ping_status":"closed","template":"elementor_theme","meta":{"footnotes":""},"class_list":{"0":"post-8462","1":"page","2":"type-page","3":"status-publish","4":"hentry","5":"nt-post-class","6":"","7":"thumb-none","9":"excerpt-none"},"_links":{"self":[{"href":"https:\/\/perretbaranez.com\/index.php?rest_route=\/wp\/v2\/pages\/8462","targetHints":{"allow":["GET"]}}],"collection":[{"href":"https:\/\/perretbaranez.com\/index.php?rest_route=\/wp\/v2\/pages"}],"about":[{"href":"https:\/\/perretbaranez.com\/index.php?rest_route=\/wp\/v2\/types\/page"}],"author":[{"embeddable":true,"href":"https:\/\/perretbaranez.com\/index.php?rest_route=\/wp\/v2\/users\/1"}],"replies":[{"embeddable":true,"href":"https:\/\/perretbaranez.com\/index.php?rest_route=%2Fwp%2Fv2%2Fcomments&post=8462"}],"version-history":[{"count":52,"href":"https:\/\/perretbaranez.com\/index.php?rest_route=\/wp\/v2\/pages\/8462\/revisions"}],"predecessor-version":[{"id":9672,"href":"https:\/\/perretbaranez.com\/index.php?rest_route=\/wp\/v2\/pages\/8462\/revisions\/9672"}],"wp:attachment":[{"href":"https:\/\/perretbaranez.com\/index.php?rest_route=%2Fwp%2Fv2%2Fmedia&parent=8462"}],"curies":[{"name":"wp","href":"https:\/\/api.w.org\/{rel}","templated":true}]}}