{"id":8322,"date":"2024-04-04T13:27:04","date_gmt":"2024-04-04T13:27:04","guid":{"rendered":"https:\/\/perretbaranez.com\/?page_id=8322"},"modified":"2024-04-15T09:55:48","modified_gmt":"2024-04-15T09:55:48","slug":"engagements","status":"publish","type":"page","link":"https:\/\/perretbaranez.com\/?page_id=8322","title":{"rendered":"Engagements"},"content":{"rendered":"\t\t<div data-elementor-type=\"wp-page\" data-elementor-id=\"8322\" class=\"elementor elementor-8322\" data-elementor-post-type=\"page\">\n\t\t\t\t\t\t<section class=\"elementor-section elementor-top-section elementor-element elementor-element-7f5e03b2 elementor-section-content-middle elementor-section-boxed elementor-section-height-default elementor-section-height-default\" data-id=\"7f5e03b2\" data-element_type=\"section\" data-e-type=\"section\">\n\t\t\t\t\t\t<div class=\"elementor-container elementor-column-gap-no\">\n\t\t\t\t\t<div class=\"elementor-column elementor-col-50 elementor-top-column elementor-element elementor-element-87722f0\" data-id=\"87722f0\" data-element_type=\"column\" data-e-type=\"column\" data-settings=\"{&quot;background_background&quot;:&quot;classic&quot;}\">\n\t\t\t<div class=\"elementor-widget-wrap elementor-element-populated\">\n\t\t\t\t\t\t<div class=\"elementor-element elementor-element-e00bb04 elementor-widget__width-initial elementor-widget elementor-widget-image\" data-id=\"e00bb04\" data-element_type=\"widget\" data-e-type=\"widget\" data-widget_type=\"image.default\">\n\t\t\t\t\t\t\t\t\t\t\t\t\t\t\t<img fetchpriority=\"high\" decoding=\"async\" width=\"799\" height=\"1000\" src=\"https:\/\/perretbaranez.com\/wp-content\/uploads\/2024\/04\/lady-justice-2021-08-27-20-54-05-utc-min-e1712826431640.png\" class=\"attachment-large size-large wp-image-8306\" alt=\"\" srcset=\"https:\/\/perretbaranez.com\/wp-content\/uploads\/2024\/04\/lady-justice-2021-08-27-20-54-05-utc-min-e1712826431640.png 799w, https:\/\/perretbaranez.com\/wp-content\/uploads\/2024\/04\/lady-justice-2021-08-27-20-54-05-utc-min-e1712826431640-240x300.png 240w, https:\/\/perretbaranez.com\/wp-content\/uploads\/2024\/04\/lady-justice-2021-08-27-20-54-05-utc-min-e1712826431640-768x961.png 768w\" sizes=\"(max-width: 799px) 100vw, 799px\" \/>\t\t\t\t\t\t\t\t\t\t\t\t\t\t\t<\/div>\n\t\t\t\t\t<\/div>\n\t\t<\/div>\n\t\t\t\t<div class=\"elementor-column elementor-col-50 elementor-top-column elementor-element elementor-element-772c429d\" data-id=\"772c429d\" data-element_type=\"column\" data-e-type=\"column\">\n\t\t\t<div class=\"elementor-widget-wrap elementor-element-populated\">\n\t\t\t\t\t\t<div class=\"elementor-element elementor-element-b3191a6 elementor-widget__width-initial elementor-widget elementor-widget-heading\" data-id=\"b3191a6\" data-element_type=\"widget\" data-e-type=\"widget\" data-widget_type=\"heading.default\">\n\t\t\t\t\t<h1 class=\"elementor-heading-title elementor-size-default\">Mes engagements<\/h1>\t\t\t\t<\/div>\n\t\t\t\t<div class=\"elementor-element elementor-element-a9bfe7e elementor-widget elementor-widget-text-editor\" data-id=\"a9bfe7e\" data-element_type=\"widget\" data-e-type=\"widget\" data-widget_type=\"text-editor.default\">\n\t\t\t\t\t\t\t\t\t<p class=\"p1\"><span class=\"s1\">\u00c0 l\u2019\u00e9coute de vos besoins, je veille personnellement \u00e0 vous apporter <b>une r\u00e9ponse adapt\u00e9e et de qualit\u00e9<\/b> pour vous conseiller, vous assister et vous repr\u00e9senter avec d\u00e9vouement et t\u00e9nacit\u00e9, en respect avec les r\u00e8gles de notre profession soumise au <b>secret professionnel et \u00e0 la confidentialit\u00e9.<\/b> <\/span><\/p><p class=\"p1\"><span class=\"s1\">Pour l\u2019instruction de chaque dossier, je privil\u00e9gie une <b>concertation \u00e9troite<\/b> ainsi qu\u2019un <b>suivi individualis\u00e9 et sur-mesure<\/b> tout au long de son \u00e9volution. <\/span><\/p><p class=\"p1\"><span class=\"s1\"><b>Disponibilit\u00e9, \u00e9coute, r\u00e9activit\u00e9 et rigueur sont les piliers de mes exigences.<\/b><\/span><\/p>\t\t\t\t\t\t\t\t<\/div>\n\t\t\t\t\t<\/div>\n\t\t<\/div>\n\t\t\t\t\t<\/div>\n\t\t<\/section>\n\t\t\t\t<\/div>\n\t\t","protected":false},"excerpt":{"rendered":"<p>Mes engagements \u00c0 l\u2019\u00e9coute de vos besoins, je veille personnellement \u00e0 vous apporter une r\u00e9ponse adapt\u00e9e et de qualit\u00e9 pour vous conseiller, vous assister et vous repr\u00e9senter avec d\u00e9vouement et t\u00e9nacit\u00e9, en respect avec les r\u00e8gles de notre profession soumise au secret professionnel et \u00e0 la confidentialit\u00e9. Pour l\u2019instruction de chaque dossier, je privil\u00e9gie une&#8230;<\/p>\n","protected":false},"author":1,"featured_media":0,"parent":0,"menu_order":0,"comment_status":"closed","ping_status":"closed","template":"elementor_theme","meta":{"footnotes":""},"class_list":{"0":"post-8322","1":"page","2":"type-page","3":"status-publish","4":"hentry","5":"nt-post-class","6":"","7":"thumb-none","9":"excerpt-none"},"_links":{"self":[{"href":"https:\/\/perretbaranez.com\/index.php?rest_route=\/wp\/v2\/pages\/8322","targetHints":{"allow":["GET"]}}],"collection":[{"href":"https:\/\/perretbaranez.com\/index.php?rest_route=\/wp\/v2\/pages"}],"about":[{"href":"https:\/\/perretbaranez.com\/index.php?rest_route=\/wp\/v2\/types\/page"}],"author":[{"embeddable":true,"href":"https:\/\/perretbaranez.com\/index.php?rest_route=\/wp\/v2\/users\/1"}],"replies":[{"embeddable":true,"href":"https:\/\/perretbaranez.com\/index.php?rest_route=%2Fwp%2Fv2%2Fcomments&post=8322"}],"version-history":[{"count":130,"href":"https:\/\/perretbaranez.com\/index.php?rest_route=\/wp\/v2\/pages\/8322\/revisions"}],"predecessor-version":[{"id":9259,"href":"https:\/\/perretbaranez.com\/index.php?rest_route=\/wp\/v2\/pages\/8322\/revisions\/9259"}],"wp:attachment":[{"href":"https:\/\/perretbaranez.com\/index.php?rest_route=%2Fwp%2Fv2%2Fmedia&parent=8322"}],"curies":[{"name":"wp","href":"https:\/\/api.w.org\/{rel}","templated":true}]}}